{"id":121,"date":"2018-05-16T03:14:29","date_gmt":"2018-05-16T03:14:29","guid":{"rendered":"http:\/\/shtheme.com\/demosd\/metallex1\/?page_id=121"},"modified":"2023-10-17T19:55:56","modified_gmt":"2023-10-17T19:55:56","slug":"home-page-one","status":"publish","type":"page","link":"https:\/\/www.mraz-textil.com\/en\/","title":{"rendered":"Home Page One"},"content":{"rendered":"<div id=\"minimal-bootstrap-carousel\" data-ride=\"carousel\" class=\"carousel slide carousel-fade shop-slider full_width\">\r\n      <!-- Wrapper for slides-->\r\n      <div role=\"listbox\" class=\"carousel-inner ver_new_2_slider\">\n\t\t\t \r\n    \r\n    <div style=\"background-image: url(https:\/\/www.mraz-textil.com\/wp-content\/uploads\/2021\/02\/Slider_02.jpg);backgroudn-position: center right;\" class=\"item  active slide-1\">\r\n        <div class=\"carousel-caption\">\r\n          <div class=\"thm-container txt-left\">\r\n            <div class=\"box valign-middle\">\r\n              <div class=\"content cnt_wdt1\">\r\n                <h1 data-animation=\"animated fadeInUp\" class=\"bnrfnt45\">\r\n                  Recently upgraded production facilities                <\/h1>\r\n                <p data-animation=\"animated fadeInDown\" class=\"pln_he\">Our fully automated tailoring department is equipped with state-of-the-art smart technology in accordance with the highest European standards.<\/p>\r\n                                <a data-animation=\"animated fadeInUp\" href=\"https:\/\/www.mraz-textil.com\/en\/sistem-proizvodnje\/\" class=\"view-all  slide_learn_btn second_var_slide_btn\">View More<\/a>\r\n                                                <a data-animation=\"animated fadeInUp\" href=\"https:\/\/www.mraz-textil.com\/en\/proizvodi\/\" class=\"view-all  slide_learn_btn second_var_slide_btn knw_more_btn\">Our Products<\/a>\r\n                              <\/div>\r\n            <\/div>\r\n          <\/div>\r\n        <\/div>\r\n      <\/div>\r\n       \r\n    \r\n    <div style=\"background-image: url(https:\/\/www.mraz-textil.com\/wp-content\/uploads\/2021\/02\/Slider_01.jpg);backgroudn-position: center right;\" class=\"item   slide-1\">\r\n        <div class=\"carousel-caption\">\r\n          <div class=\"thm-container txt-left\">\r\n            <div class=\"box valign-middle\">\r\n              <div class=\"content cnt_wdt1\">\r\n                <h1 data-animation=\"animated fadeInUp\" class=\"bnrfnt45\">\r\n                  THE MOST MODERN AND MOST MODERN EQUIPMENT                <\/h1>\r\n                <p data-animation=\"animated fadeInDown\" class=\"pln_he\">In addition to the tailoring department, our plant is equipped with the most modern and state-of-the-art sewing equipment<\/p>\r\n                                <a data-animation=\"animated fadeInUp\" href=\"https:\/\/www.mraz-textil.com\/en\/sistem-proizvodnje\/\" class=\"view-all  slide_learn_btn second_var_slide_btn\">View More<\/a>\r\n                                                <a data-animation=\"animated fadeInUp\" href=\"https:\/\/www.mraz-textil.com\/en\/proizvodi\/\" class=\"view-all  slide_learn_btn second_var_slide_btn knw_more_btn\">Our Products<\/a>\r\n                              <\/div>\r\n            <\/div>\r\n          <\/div>\r\n        <\/div>\r\n      <\/div>\r\n      <\/div>\r\n      <!-- Controls--><a href=\"#minimal-bootstrap-carousel\" role=\"button\" data-slide=\"prev\" class=\"left carousel-control\"><i class=\"fa fa-angle-left\"><\/i><span class=\"sr-only\">Previous<\/span><\/a><a href=\"#minimal-bootstrap-carousel\" role=\"button\" data-slide=\"next\" class=\"right carousel-control\"><i class=\"fa fa-angle-right\"><\/i><span class=\"sr-only\">Next<\/span><\/a>\r\n    <\/div><ul class=\"banner_btm_list\">\n\t\t\t \r\n    <li class=\"lytblue_prd_bg\" style=\"background: url(https:\/\/www.mraz-textil.com\/wp-content\/uploads\/2021\/02\/Materijali.jpg) no-repeat center top;    background-size: cover;\">\r\n      <h4><a href=\"\">The highest quality of materials<\/a><\/h4>\r\n      <p>Mraz firmly believes that our customers deserve the absolute highest level of quality. Accordingly, we consistently use only the highest quality materials in the production process to ensure the durability and comfort of the clothes we carefully cut and sew.<\/p>\r\n    <\/li>\r\n\n\t\t\t \r\n    <li class=\"blue_prd_bg\" style=\"background: url(https:\/\/www.mraz-textil.com\/wp-content\/uploads\/2021\/02\/Kadar.jpg) no-repeat center top;    background-size: cover;\">\r\n      <h4><a href=\"\">An Expert workforce<\/a><\/h4>\r\n      <p>We believe that investing in human capital is a key factor in the long-term success of our company. Therefore, we provide all our employees with the opportunity to continuously improve their skills and knowledge, and we create working conditions that significantly exceed the industry standard.<\/p>\r\n    <\/li>\r\n\n\t\t\t \r\n    <li class=\"yellow_prd_bg\" style=\"background: url(https:\/\/www.mraz-textil.com\/wp-content\/uploads\/2021\/02\/Masine.jpg) no-repeat center top;    background-size: cover;\">\r\n      <h4><a href=\"#\">Cutting Edge Professional machinery<\/a><\/h4>\r\n      <p>As a regional leader in cutting-edge technology and equipment for the textile industry, we strive to implement cutting-edge innovations to ensure our manufacturing facilities operate at the highest possible level of efficiency and productivity.<\/p>\r\n    <\/li>\r\n<\/ul>\n\t\t\t \r\n    <div class=\"full_wrapper padtb_100_100\">\r\n      <div class=\"container\">\r\n        <div class=\"row\">\r\n          <div class=\"col-lg-4 col-md-5 col-sm-12 col-xs-12\"><span class=\"wdt_img img_100\"><img src=\"https:\/\/www.mraz-textil.com\/wp-content\/uploads\/2023\/09\/nb.jpg\" alt=\"About Img\" class=\"img-responsive\"><\/span><\/div>\r\n          <div class=\"col-lg-8 col-md-7 col-sm-12 col-xs-12 col_margin\">\r\n            <div class=\"plft50\">\r\n              <h3 class=\"mtopminus10 no_after letter_spac0 line_heg45 blue_head1\">\r\n                About us              <\/h3>\r\n              <p class=\"fnt_18 mbot25\">Sewing is like no other skill, a unique blend of creative expression and flawless practical execution. Our company strives to incorporate the best of both of these elements to produce goods and services that are fully compliant with the world's highest industry standards...<\/p>\r\n              <p class=\"mbot25\"><\/p>\r\n              <p class=\"mbot45\"><\/p>\r\n              <a href=\"https:\/\/www.mraz-textil.com\/en\/o-nama\/\" class=\"view-all hvr-bounce-to-right news_read_btn get_Quote\">About Us<\/a><a href=\"\" class=\"view-all hvr-bounce-to-right news_read_btn get_Quote view_service\"><\/a>\r\n            <\/div>\r\n          <\/div>\r\n        <\/div>\r\n      <\/div>\r\n    <\/div>\r\n\n\t\t\t \r\n    \r\n    <div class=\"full_wrapper second_variation_services padtb_96_47\">\r\n      <div class=\"container\">\r\n        <h3 class=\"fnt_white_color\">What are we doing<\/h3>\r\n        <div class=\"row mbot15\">\r\n                  <div class=\"col-lg-4 col-md-4 col-sm-6 col-xs-12 mbot30 enitre_mouse\">\r\n                      <div class=\"shadow_effect effect-apollo mbot25\">\r\n            <a href=\"https:\/\/www.mraz-textil.com\/en\/solutions\/gastro-uniforme\/\">\r\n            <img src=\"https:\/\/www.mraz-textil.com\/wp-content\/uploads\/2021\/02\/Gastro-uniforme.jpg\" alt=\"Material\" class=\"img-responsive\"><\/a>\r\n            <\/div>\r\n                        <h4 class=\"mbot10\"><a href=\"https:\/\/www.mraz-textil.com\/en\/solutions\/gastro-uniforme\/\" class=\"ser_white_head\">Culinary apparel<\/a><\/h4>\r\n            <p class=\"mbot12 line_he2 p_gray_color\">                                In our cutting-edge facilities, we proudly produce top-tier catering uniforms under the brand name \"Gastro Moda\" exclusively for the esteemed German brand Greiff. \"Gastro Moda\" represents a specialized line...                                <\/p><a href=\"https:\/\/www.mraz-textil.com\/en\/solutions\/gastro-uniforme\/\" class=\"read_more service_read\">                                    View More                                    <\/a>\r\n          <\/div>\r\n                  <div class=\"col-lg-4 col-md-4 col-sm-6 col-xs-12 mbot30 enitre_mouse\">\r\n                      <div class=\"shadow_effect effect-apollo mbot25\">\r\n            <a href=\"https:\/\/www.mraz-textil.com\/en\/solutions\/radne-uniforme\/\">\r\n            <img src=\"https:\/\/www.mraz-textil.com\/wp-content\/uploads\/2021\/02\/Radne-uniforme.jpg\" alt=\"Material\" class=\"img-responsive\"><\/a>\r\n            <\/div>\r\n                        <h4 class=\"mbot10\"><a href=\"https:\/\/www.mraz-textil.com\/en\/solutions\/radne-uniforme\/\" class=\"ser_white_head\">Work attire<\/a><\/h4>\r\n            <p class=\"mbot12 line_he2 p_gray_color\">                                In our modern production facility, equipped with state-of-the-art equipment, we produce top-quality work uniforms that meet high standards of quality and design....                                <\/p><a href=\"https:\/\/www.mraz-textil.com\/en\/solutions\/radne-uniforme\/\" class=\"read_more service_read\">                                    View More                                    <\/a>\r\n          <\/div>\r\n                  <div class=\"col-lg-4 col-md-4 col-sm-6 col-xs-12 mbot30 enitre_mouse\">\r\n                      <div class=\"shadow_effect effect-apollo mbot25\">\r\n            <a href=\"https:\/\/www.mraz-textil.com\/en\/solutions\/medicinske_unoforme\/\">\r\n            <img src=\"https:\/\/www.mraz-textil.com\/wp-content\/uploads\/2021\/02\/Medicinske-uniforme.jpg\" alt=\"Material\" class=\"img-responsive\"><\/a>\r\n            <\/div>\r\n                        <h4 class=\"mbot10\"><a href=\"https:\/\/www.mraz-textil.com\/en\/solutions\/medicinske_unoforme\/\" class=\"ser_white_head\">Medical uniforms<\/a><\/h4>\r\n            <p class=\"mbot12 line_he2 p_gray_color\">                                We produce high quality medical uniforms for the local market. Our commitment to superior materials and careful craftsmanship ensures that our uniforms do not...                                <\/p><a href=\"https:\/\/www.mraz-textil.com\/en\/solutions\/medicinske_unoforme\/\" class=\"read_more service_read\">                                    View More                                    <\/a>\r\n          <\/div>\r\n                <\/div>\r\n        <div class=\"gray_separate_line lght_gray_separator\"><\/div>\r\n        <div class=\"full_width mtop50\">\r\n          <div class=\"row\">\r\n                                                                                                                    <\/div>\r\n        <\/div>\r\n      <\/div>\r\n    <\/div>\r\n    \n\t\t\t <center><a href = \"https:\/\/www.mraz-textil.com\/en\/partneri\/\" style=width:100%;\" class=\"view-all hvr-bounce-to-right news_read_btn get_Quote\"><font size = \"5\">PARTNERS<\/font><\/a><\/center><\/width>  \r\n        <section class=\"full_wrapper brand-section\">\r\n      <div class=\"container\">\r\n          <div class=\"brand-carousel owl-carousel owl-theme\">\r\n                        <div class=\"item\">\r\n                  <img src=\"https:\/\/www.mraz-textil.com\/wp-content\/uploads\/2021\/02\/Kubler-partner-02.jpg\"  alt=\"Awesome Image\"\/>\r\n              <\/div><!-- \/.item -->\r\n                            <div class=\"item\">\r\n                  <img src=\"https:\/\/www.mraz-textil.com\/wp-content\/uploads\/2021\/02\/Greiff-partner-01.jpg\" alt=\"Awesome Image\"\/>\r\n              <\/div><!-- \/.item -->\r\n                     <div class=\"item\">\r\n                  <img src=\"https:\/\/www.mraz-textil.com\/wp-content\/uploads\/2023\/07\/UvexFullDone.jpg\" alt=\"Awesome Image\"\/>\r\n              <\/div><!-- \/.item -->\r\n                     <div class=\"item\">\r\n                  <img src=\"https:\/\/www.mraz-textil.com\/wp-content\/uploads\/2023\/07\/Done-e1695237379994.jpg\" alt=\"Awesome Image\"\/>\r\n              <\/div><!-- \/.item -->\r\n                     <div class=\"item\">\r\n                  <img src=\"https:\/\/www.mraz-textil.com\/wp-content\/uploads\/2021\/02\/Kubler-partner-02.jpg\" alt=\"Awesome Image\"\/>\r\n              <\/div><!-- \/.item -->\r\n                     <div class=\"item\">\r\n                  <img src=\"https:\/\/www.mraz-textil.com\/wp-content\/uploads\/2021\/02\/Greiff-partner-01.jpg\" alt=\"Awesome Image\"\/>\r\n              <\/div><!-- \/.item -->\r\n                     <div class=\"item\">\r\n                  <img src=\"https:\/\/www.mraz-textil.com\/wp-content\/uploads\/2023\/07\/UvexFullDone.jpg\" alt=\"Awesome Image\"\/>\r\n              <\/div><!-- \/.item -->\r\n                     <div class=\"item\">\r\n                  <img src=\"https:\/\/www.mraz-textil.com\/wp-content\/uploads\/2023\/07\/Done-e1695237379994.jpg\" alt=\"Awesome Image\"\/>\r\n              <\/div><!-- \/.item -->\r\n                 <\/div><!-- \/.brand-carousel -->\r\n      <\/div><!-- \/.container -->\r\n    <\/section>\r\n    <div class=\"full_width graybg_color2\">\r\n      <div class=\"container\">\r\n        <div class=\"row\">\n\t<div class=\"col-md-5\" id=\"\" >\n\t\t\t \r\n    <div class=\"award_bg plft15\"><img src=\"https:\/\/www.mraz-textil.com\/wp-content\/uploads\/2021\/02\/Sertifikati.jpg\" alt=\"Award Img\">\r\n        <div class=\"award_txt padtb_87 full_width\">\r\n          <h3 class=\"mbot40 award_head\">Certificates<\/h3>\r\n          <h4 class=\"white_head mbot20 line_hehead\">Certificates without which modern business cannot be imagined<\/h4>\r\n          <p class=\"mbot40 p_award_color\">\u2022 ISO 9001:2015 certificate for quality management<br \/>\n\u2022 Fair ware foundation certificate for satisfactory and continuously improving workplace conditions.<\/p><a href=\"https:\/\/www.mraz-textil.com\/en\/o-nama\/\" class=\"view-all hvr-bounce-to-right work_btn\">View More<\/a>\r\n        <\/div>\r\n      <\/div>\r\n\n\t<\/div> \n\n\t<div class=\"col-md-7\" id=\"\" >\n\t\t\t<div role=\"form\" class=\"wpcf7\" id=\"wpcf7-f413-o1\" lang=\"en-US\" dir=\"ltr\">\n<div class=\"screen-reader-response\"><p role=\"status\" aria-live=\"polite\" aria-atomic=\"true\"><\/p> <ul><\/ul><\/div>\n<form action=\"\/en\/wp-json\/wp\/v2\/pages\/121#wpcf7-f413-o1\" method=\"post\" class=\"wpcf7-form init\" novalidate=\"novalidate\" data-status=\"init\" data-trp-original-action=\"\/en\/wp-json\/wp\/v2\/pages\/121#wpcf7-f413-o1\">\n<div style=\"display: none;\">\n<input type=\"hidden\" name=\"_wpcf7\" value=\"413\" \/>\n<input type=\"hidden\" name=\"_wpcf7_version\" value=\"5.4.1\" \/>\n<input type=\"hidden\" name=\"_wpcf7_locale\" value=\"en_US\" \/>\n<input type=\"hidden\" name=\"_wpcf7_unit_tag\" value=\"wpcf7-f413-o1\" \/>\n<input type=\"hidden\" name=\"_wpcf7_container_post\" value=\"0\" \/>\n<input type=\"hidden\" name=\"_wpcf7_posted_data_hash\" value=\"\" \/>\n<\/div>\n<div class=\"padtb_74 full_width\">\n<h3 class=\"fnt_dark_color\">Ask us a question<\/h3>\n<div id=\"contact-form\" class=\"mtop10 full_width\">\n<div class=\"messages\"><\/div>\n<div class=\"row\">\n<div class=\"col-md-6\">\n<div class=\"form-group request_Form_group\">\n                     <span class=\"wpcf7-form-control-wrap your-name\"><input type=\"text\" name=\"your-name\" value=\"\" size=\"40\" class=\"wpcf7-form-control wpcf7-text wpcf7-validates-as-required form-control request_form_input\" aria-required=\"true\" aria-invalid=\"false\" placeholder=\"First Name\" \/><\/span><\/p>\n<div class=\"help-block with-errors\"><\/div>\n<\/div>\n<\/div>\n<div class=\"col-md-6\">\n<div class=\"form-group request_Form_group\">\n                      <span class=\"wpcf7-form-control-wrap last-name\"><input type=\"text\" name=\"last-name\" value=\"\" size=\"40\" class=\"wpcf7-form-control wpcf7-text wpcf7-validates-as-required form-control request_form_input\" aria-required=\"true\" aria-invalid=\"false\" placeholder=\"Last Name\" \/><\/span><\/p>\n<div class=\"help-block with-errors\"><\/div>\n<\/div>\n<\/div>\n<\/div>\n<div class=\"row\">\n<div class=\"col-md-6\">\n<div class=\"form-group request_Form_group\">\n                     <span class=\"wpcf7-form-control-wrap your-phone\"><input type=\"text\" name=\"your-phone\" value=\"\" size=\"40\" class=\"wpcf7-form-control wpcf7-text wpcf7-validates-as-required form-control request_form_input\" aria-required=\"true\" aria-invalid=\"false\" placeholder=\"Phone number\" \/><\/span><\/p>\n<div class=\"help-block with-errors\"><\/div>\n<\/div>\n<\/div>\n<div class=\"col-md-6\">\n<div class=\"form-group request_Form_group\">\n                      <span class=\"wpcf7-form-control-wrap your-email\"><input type=\"email\" name=\"your-email\" value=\"\" size=\"40\" class=\"wpcf7-form-control wpcf7-text wpcf7-email wpcf7-validates-as-required wpcf7-validates-as-email form-control request_form_input\" aria-required=\"true\" aria-invalid=\"false\" placeholder=\"Email\" \/><\/span><\/p>\n<div class=\"help-block with-errors\"><\/div>\n<\/div>\n<\/div>\n<\/div>\n<div class=\"row\">\n<div class=\"col-md-12\">\n<div class=\"form-group request_Form_group\">\n                      <span class=\"wpcf7-form-control-wrap menu-380\"><select name=\"menu-380\" class=\"wpcf7-form-control wpcf7-select wpcf7-validates-as-required form-control request_form_input selectpicker custom_select\" aria-required=\"true\" aria-invalid=\"false\"><option value=\"\u017delim da se informi\u0161em o radnim uniformama\">I want to find out about work attire<\/option><option value=\"\u017delim da se informi\u0161em o medicinskim uniformama\">I want to find out about medical uniforms<\/option><option value=\"\u017delim da se informi\u0161em o gastro uniformama\">I want to find out about culinary apparel<\/option><option value=\"\u017delim da se informi\u0161em o ostalim proizvodima\">I want to find out about other products<\/option><\/select><\/span><\/p>\n<div class=\"help-block with-errors\"><\/div>\n<\/div>\n<\/div>\n<\/div>\n<div class=\"row\">\n<div class=\"col-md-12 mbot5\">\n<div class=\"form-group request_Form_group\">\n                      <span class=\"wpcf7-form-control-wrap your-message\"><textarea name=\"your-message\" cols=\"40\" rows=\"4\" class=\"wpcf7-form-control wpcf7-textarea wpcf7-validates-as-required form-control request_form_input\" aria-required=\"true\" aria-invalid=\"false\" placeholder=\"Message\"><\/textarea><\/span><\/p>\n<div class=\"help-block with-errors\"><\/div>\n<\/div>\n<\/div>\n<div class=\"col-md-12\">\n                    <input type=\"submit\" value=\"SEND\" class=\"wpcf7-form-control wpcf7-submit btn submit_now\" \/>\n                  <\/div>\n<\/div>\n<\/div>\n<\/div>\n<div class=\"wpcf7-response-output\" aria-hidden=\"true\"><\/div><input type=\"hidden\" name=\"trp-form-language\" value=\"en\"\/><\/form><\/div>\n\t<\/div> \n<\/div>\r\n      <\/div>\r\n    <\/div>","protected":false},"excerpt":{"rendered":"Proizvodimo visokokvalitetne medicinske uniforme namijenjene lokalnom tr\u017ei\u0161tu. Na\u0161a posve\u0107enost vrhunskim materijalima i pa\u017eljiva izrada osiguravaju da na\u0161e uniforme ne samo da ispunjavaju, ve\u0107 i nadma\u0161uju o\u010dekivanja medicinskih profesionalaca. Fokusirani smo na udobnost, funkcionalnost i estetiku kako bismo osigurali da na\u0161e uniforme ne samo da pru\u017eaju prakti\u010dnost u radnom okru\u017eenju, ve\u0107 i doprinose profesionalnom izgledu i [...]","protected":false},"author":1,"featured_media":0,"parent":0,"menu_order":0,"comment_status":"closed","ping_status":"closed","template":"page-templates\/template-home.php","meta":[],"_links":{"self":[{"href":"https:\/\/www.mraz-textil.com\/en\/wp-json\/wp\/v2\/pages\/121"}],"collection":[{"href":"https:\/\/www.mraz-textil.com\/en\/wp-json\/wp\/v2\/pages"}],"about":[{"href":"https:\/\/www.mraz-textil.com\/en\/wp-json\/wp\/v2\/types\/page"}],"author":[{"embeddable":true,"href":"https:\/\/www.mraz-textil.com\/en\/wp-json\/wp\/v2\/users\/1"}],"replies":[{"embeddable":true,"href":"https:\/\/www.mraz-textil.com\/en\/wp-json\/wp\/v2\/comments?post=121"}],"version-history":[{"count":97,"href":"https:\/\/www.mraz-textil.com\/en\/wp-json\/wp\/v2\/pages\/121\/revisions"}],"predecessor-version":[{"id":866,"href":"https:\/\/www.mraz-textil.com\/en\/wp-json\/wp\/v2\/pages\/121\/revisions\/866"}],"wp:attachment":[{"href":"https:\/\/www.mraz-textil.com\/en\/wp-json\/wp\/v2\/media?parent=121"}],"curies":[{"name":"wp","href":"https:\/\/api.w.org\/{rel}","templated":true}]}}