{"id":2,"date":"2020-09-16T20:47:29","date_gmt":"2020-09-16T20:47:29","guid":{"rendered":"https:\/\/www.mraz-textil.com\/new2020\/?page_id=2"},"modified":"2021-12-02T08:37:25","modified_gmt":"2021-12-02T08:37:25","slug":"sistem-proizvodnje","status":"publish","type":"page","link":"https:\/\/www.mraz-textil.com\/en\/sistem-proizvodnje\/","title":{"rendered":"Production system"},"content":{"rendered":"<div class=\"wpb_text_column wpb_content_element\" >\n\t\t<div class=\"wpb_wrapper\">\n\t\t\t<p>Our fully automated tailoring department is equipped with state of the art smart technology, purchased in 2019 in adherence to the highest European standards including<\/p>\n<p>\u00a0<\/p>\n<blockquote class=\"wp-block-quote\">\n<ul>\n<li>2 Gerber Paragon LX Cutting System cutteri<\/li>\n<li>\u00a02 GERBER XLs50 Spreaderi<\/li>\n<li>\u00a02 GERBER MP+ Series Plotteri<\/li>\n<li>\u00a0Aesus labelers<\/li>\n<li>\u00a0The Akumer modeling program<\/li>\n<li>Kater - 2 pieces<\/li>\n<\/ul>\n<\/blockquote>\n<p>In addition to our tailoring department, we also have the latest, cutting edge sewing equipment:<\/p>\n<p>\u00a0<\/p>\n<blockquote class=\"wp-block-quote\">\n<ul>\n<li>Veit automated Pants Finishers 8741<\/li>\n<li>Veit Fusing Machines AX 450 C<\/li>\n<li>ASS pocket welting machines<\/li>\n<li>Brother Industries NEXIO KE-430HS Electronic Direct Drive Lockstitch Bar Tackers<\/li>\n<li>Brother Industries RH-9820 Eyelet Buttonhole<\/li>\n<li>Brother Industries NEXIO T-8752D Twin Needle Direct Drive Split Needle Bar Lock Stitcher<\/li>\n<li>Brother Industries NEXIO HE-800C Electronic Direct Drive Lockstitch Button Holer<\/li>\n<\/ul>\n<\/blockquote>\n<p>\u00a0<\/p>\n\n\t\t<\/div>\n\t<\/div>","protected":false},"excerpt":{"rendered":"Na\u0161 potpuno automatiziovani odjel za krojenje, opremljen je vrhunskom pametnom tehnologijom, nabaljenom 2019. godine i u skladu s najvi\u0161im evropskim standardima, uklju\u010duju\u0107i: \u00a0 2 Gerber Paragon LX Cutting System cutteri \u00a02 GERBER XLs50 Spreaderi \u00a02 GERBER MP+ Series Plotteri \u00a0Aesus ma\u0161ina za markiranje \u00a0Akumer program za modeliranje Kater - 2 komada Pored kroja\u010dkog odjela, na\u0161 [...]","protected":false},"author":1,"featured_media":0,"parent":0,"menu_order":0,"comment_status":"closed","ping_status":"open","template":"","meta":[],"_links":{"self":[{"href":"https:\/\/www.mraz-textil.com\/en\/wp-json\/wp\/v2\/pages\/2"}],"collection":[{"href":"https:\/\/www.mraz-textil.com\/en\/wp-json\/wp\/v2\/pages"}],"about":[{"href":"https:\/\/www.mraz-textil.com\/en\/wp-json\/wp\/v2\/types\/page"}],"author":[{"embeddable":true,"href":"https:\/\/www.mraz-textil.com\/en\/wp-json\/wp\/v2\/users\/1"}],"replies":[{"embeddable":true,"href":"https:\/\/www.mraz-textil.com\/en\/wp-json\/wp\/v2\/comments?post=2"}],"version-history":[{"count":7,"href":"https:\/\/www.mraz-textil.com\/en\/wp-json\/wp\/v2\/pages\/2\/revisions"}],"predecessor-version":[{"id":740,"href":"https:\/\/www.mraz-textil.com\/en\/wp-json\/wp\/v2\/pages\/2\/revisions\/740"}],"wp:attachment":[{"href":"https:\/\/www.mraz-textil.com\/en\/wp-json\/wp\/v2\/media?parent=2"}],"curies":[{"name":"wp","href":"https:\/\/api.w.org\/{rel}","templated":true}]}}