{"id":281,"date":"2018-05-22T07:59:40","date_gmt":"2018-05-22T07:59:40","guid":{"rendered":"http:\/\/shtheme.com\/demosd\/metallex1\/?page_id=281"},"modified":"2023-09-09T07:50:12","modified_gmt":"2023-09-09T07:50:12","slug":"o-nama","status":"publish","type":"page","link":"https:\/\/www.mraz-textil.com\/en\/o-nama\/","title":{"rendered":"About us"},"content":{"rendered":"<div class=\"full_wrapper padtb_95_100 graybg_color1\">\r\n      <div class=\"container\">\r\n        <div class=\"row\">\n\t<div class=\"col-lg-7 col-md-7 col-sm-12 col-xs-12 prht_zero\">\r\n            <div class=\"prht85\">\r\n              <h3 class=\"fnt_dark_color_s\">Our values<\/h3>\r\n              <div class=\"accordion-first clearfix\">\r\n                <div id=\"accordion2\" class=\"accordion\">\n\t\t\t \r\n    <div class=\"accordion-group\">\r\n      <div class=\"accordion-heading  var3_accordian\"><a data-toggle=\"collapse\" data-parent=\"#accordion1\" href=\"#collapse\" class=\"accordion-toggle active\"><em class=\"icon-fixed-width fa fa-minus fa-plus\"><\/em>Our values<\/a><\/div>\r\n      <div id=\"collapse\" style=\"height: 0px;\" class=\"accordion-body collapse in\">\r\n        <div class=\"accordion-inner\"><span class=\"wdt_img core_img fl\"><img src=\"https:\/\/www.mraz-textil.com\/wp-content\/uploads\/2021\/02\/Vizija.jpg\" alt=\"core1\"><\/span>\r\n          <div class=\"core_txt fl\">\r\n            <h5 class=\"fnt_18 mbot10\">Life with the textile industry<\/h5>\r\n            <p class=\"line_he3\">Mraz was founded on family values, and after all these years we still consider every one of our employees as a member of our family<\/p>\r\n            <ul class=\"core_list\">\r\n              <li><a href=\"\"> <\/a><\/li>\r\n              <li><a href=\"\"> <\/a><\/li>\r\n            <\/ul>\r\n          <\/div>\r\n        <\/div>\r\n      <\/div>\r\n    <\/div>\r\n \r\n    <div class=\"accordion-group\">\r\n      <div class=\"accordion-heading  var3_accordian\"><a data-toggle=\"collapse\" data-parent=\"#accordion1\" href=\"#collapse2\" class=\"accordion-toggle active\"><em class=\"icon-fixed-width fa fa-minus fa-plus\"><\/em>Our Mission<\/a><\/div>\r\n      <div id=\"collapse2\" style=\"height: 0px;\" class=\"accordion-body collapse in\">\r\n        <div class=\"accordion-inner\"><span class=\"wdt_img core_img fl\"><img src=\"https:\/\/www.mraz-textil.com\/wp-content\/uploads\/2021\/02\/Misija.jpg\" alt=\"core1\"><\/span>\r\n          <div class=\"core_txt fl\">\r\n            <h5 class=\"fnt_18 mbot10\">The highest level of quality<\/h5>\r\n            <p class=\"line_he3\">We at Mraz are committed to providing the best possible products and services through our highly skilled and dedicated employees and our state of the art production facilities.  \nOur mission is not merely to satisfy our customers, but to exceed their expectations by implementing new and innovative technological solutions that enable us to offer the highest quality available at an affordable and competitive price.<\/p>\r\n            <ul class=\"core_list\">\r\n              <li><a href=\"\"> <\/a><\/li>\r\n              <li><a href=\"\"> <\/a><\/li>\r\n            <\/ul>\r\n          <\/div>\r\n        <\/div>\r\n      <\/div>\r\n    <\/div>\r\n \r\n    <div class=\"accordion-group\">\r\n      <div class=\"accordion-heading  var3_accordian\"><a data-toggle=\"collapse\" data-parent=\"#accordion1\" href=\"#collapse3\" class=\"accordion-toggle active\"><em class=\"icon-fixed-width fa fa-minus fa-plus\"><\/em>Our Strenghts<\/a><\/div>\r\n      <div id=\"collapse3\" style=\"height: 0px;\" class=\"accordion-body collapse in\">\r\n        <div class=\"accordion-inner\"><span class=\"wdt_img core_img fl\"><img src=\"https:\/\/www.mraz-textil.com\/wp-content\/uploads\/2021\/02\/Snaga.jpg\" alt=\"core1\"><\/span>\r\n          <div class=\"core_txt fl\">\r\n            <h5 class=\"fnt_18 mbot10\">Professionalism of our employees<\/h5>\r\n            <p class=\"line_he3\">Our greatest strength is the culture of excellence we have been fostering since our inception. What sets us apart from the rest is the dedication and professionalism of our employees.<\/p>\r\n            <ul class=\"core_list\">\r\n              <li><a href=\"\"> <\/a><\/li>\r\n              <li><a href=\"\"> <\/a><\/li>\r\n            <\/ul>\r\n          <\/div>\r\n        <\/div>\r\n      <\/div>\r\n    <\/div>\r\n\n\t<\/div>\r\n                <!-- end accordion-->\r\n              <\/div>\r\n            <\/div>\r\n          <\/div>\n<div class=\"col-lg-5 col-md-5 col-sm-12 col-xs-12 pad_zero col_margin\">\r\n      <h3 class=\"fnt_dark_color_s\">A company with rich experience in tailoring and sewing to world-renowned companies<\/h3>\r\n      <div class=\"variation2_about_img full_width mbot35\"><span class=\"first_img\"><img src=\"https:\/\/www.mraz-textil.com\/wp-content\/uploads\/2021\/02\/abouthusnew.jpg\"><\/span><span class=\"second_img\"><img src=\"\"><\/span><\/div>\r\n      <p>Sewing, like hardly any other skill, is a unique combination of creative expression and practicality. Our company strives to meet world standards, as well as the needs of a large number of satisfied customers. Originally founded in 1984 by Mr. Radivoj Kova\u010devi\u0107, Mraz started as a small tailor shop, as a family business in the small town of Pale. Since then, the company has grown exponentially to where we are today, operating with four different production facilities in the towns of Pale, Rogatica, Fo\u010da and Nevesinje, with a workforce of over 400 workers. The size and scope of our work has increased dramatically, but we are proud to say that we have maintained our impeccable attention to detail and dedication to meeting the needs of our customers.<br \/>\nToday, we produce clothes for several world-famous brands such as <b>Greiff, K\u00fcbler and Uvex<\/b>, as well as maintaining our own tailoring.<\/p>\r\n    <\/div>\r\n<\/div>\r\n      <\/div>\r\n    <\/div>\n\n\t\t\t<text align = \"center\"\/> \r\n    <div class=\"full_wrapper padtb_100_100\">\r\n      <div class=\"container\">\r\n        <div class=\"row\">\r\n          <div class=\"col-lg-4 col-md-5 col-sm-12 col-xs-12\"><span class=\"wdt_img img_100\"><img src=\"https:\/\/www.mraz-textil.com\/wp-content\/uploads\/2023\/08\/Untitled-design-1.png\" alt=\"About Img\" class=\"img-responsive\"><\/span><\/div>\r\n          <div class=\"col-lg-8 col-md-7 col-sm-12 col-xs-12 col_margin\">\r\n            <div class=\"plft50\">\r\n              <h3 class=\"mtopminus10 no_after letter_spac0 line_heg45 blue_head1\">\r\n                Nevesinje              <\/h3>\r\n              <p class=\"fnt_18 mbot25\"><\/p>\r\n              <p class=\"mbot25\"><\/p>\r\n              <p class=\"mbot45\">This facility commenced operations in August 2021 when the first group of 60 employees from our company stepped into the renovated facility that once belonged to the prestigious textile company Javor Ivanjica, whose reputation dates back to the early 1990s. As a result of dedication and hard work, by the end of 2022, this facility employed 130 workers, and our goal is to increase that number to 150, in line with the original project and the facility's capacity. It is impressive that the majority of our employees have extensive experience in the production of lightweight clothing, with a particular focus on making shirts for the Italian market. Their rapid adaptation to working with semi-heavy materials for the production of PPE gear was not a major challenge, thanks to their dedicated approach and eagerness to learn. Over time, we had the privilege of hiring those who did not have prior experience in the textile industry. It is significant to note that we provided them with comprehensive theoretical and practical training, enabling them to successfully perform all tasks today. It is important to mention that the Mraz company has invested significant resources in equipping this facility with state-of-the-art machinery. The total investment, which includes the purchase of the facility, equipment procurement, retraining, and worker training, amounted to an impressive \u20ac1,000,000 by the end of 2022. Although we have achieved significant successes, our commitment to this project remains unwavering. Expansion of the industrial facility and the acquisition of cutting-edge machinery are in the plans. This will enable increased productivity and added flexibility in the production of various lines, including PPE gear, fashion, and gourmet fashion. The successful journey so far is a testament to the dedication, effort, and expertise of our workers. We continue to grow and develop together, in line with the vision and goals we have set for the future.<\/p>\r\n              <a href=\"\" class=\"view-all hvr-bounce-to-right news_read_btn get_Quote\"><\/a><a href=\"\" class=\"view-all hvr-bounce-to-right news_read_btn get_Quote view_service\"><\/a>\r\n            <\/div>\r\n          <\/div>\r\n        <\/div>\r\n      <\/div>\r\n    <\/div>\r\n<\/text>\n\n\t\t\t<text align = \"center\"\/> \r\n    <div class=\"full_wrapper padtb_100_100\">\r\n      <div class=\"container\">\r\n        <div class=\"row\">\r\n          <div class=\"col-lg-4 col-md-5 col-sm-12 col-xs-12\"><span class=\"wdt_img img_100\"><img src=\"https:\/\/www.mraz-textil.com\/wp-content\/uploads\/2023\/08\/Untitled-design-2.png\" alt=\"About Img\" class=\"img-responsive\"><\/span><\/div>\r\n          <div class=\"col-lg-8 col-md-7 col-sm-12 col-xs-12 col_margin\">\r\n            <div class=\"plft50\">\r\n              <h3 class=\"mtopminus10 no_after letter_spac0 line_heg45 blue_head1\">\r\n                Rogatica              <\/h3>\r\n              <p class=\"fnt_18 mbot25\"><\/p>\r\n              <p class=\"mbot25\"><\/p>\r\n              <p class=\"mbot45\">This facility fully belongs to the Mraz company, just like the one in Nevesinje. At the end of 2022, 50 production workers worked here, and it started working in mid-2017. In September 2022, a modern production hall was built next to the existing facility. Inside it is a machinery park that meets the highest quality standards for the production of white goods. These changes improved the visibility of the production process and increased the efficiency of operations. The working area of \u200b\u200bthis facility meets the highest European standards. It has modern lighting, adequate height and an efficient system for maintaining optimal working temperature. Most of the employees in this plant have been working for the Mraz company since the very beginning, so they have acquired high expertise in performing their production tasks, which results in high productivity. To ensure the smooth and efficient functioning of this system of four production plants, where over 400 people work workers, warehouses were also built, and the Mraz company formed its own military park for daily transport between plants. The new central warehouse facility in Pale was built at the end of 2022. Now, together with the existing warehouses, it provides a total of 1,500 m2 of warehouse space. The central warehouse uses a pallet system, and the monitoring of the input, status and output of materials and finished products is performed using a software solution developed especially for the Mraz company. The Mraz company is the only textile company in BiH and the region that has developed special software and an application for smartphones, which enables monitoring of daily work performance of workers, reporting problems and requests for days off, etc. This program was developed in order for the company's management to have a better insight into the realization of production plans, and it also enables our international partners to receive accurate and timely information about the deliveries of their products.<br \/>\n<\/p>\r\n              <a href=\"\" class=\"view-all hvr-bounce-to-right news_read_btn get_Quote\"><\/a><a href=\"\" class=\"view-all hvr-bounce-to-right news_read_btn get_Quote view_service\"><\/a>\r\n            <\/div>\r\n          <\/div>\r\n        <\/div>\r\n      <\/div>\r\n    <\/div>\r\n<\/text>\n\n\t\t\t<text align = \"center\"\/> \r\n    <div class=\"full_wrapper padtb_100_100\">\r\n      <div class=\"container\">\r\n        <div class=\"row\">\r\n          <div class=\"col-lg-4 col-md-5 col-sm-12 col-xs-12\"><span class=\"wdt_img img_100\"><img src=\"https:\/\/www.mraz-textil.com\/wp-content\/uploads\/2023\/07\/DobraFoca.jpg\" alt=\"About Img\" class=\"img-responsive\"><\/span><\/div>\r\n          <div class=\"col-lg-8 col-md-7 col-sm-12 col-xs-12 col_margin\">\r\n            <div class=\"plft50\">\r\n              <h3 class=\"mtopminus10 no_after letter_spac0 line_heg45 blue_head1\">\r\n                Fo\u010da              <\/h3>\r\n              <p class=\"fnt_18 mbot25\"><\/p>\r\n              <p class=\"mbot25\"><\/p>\r\n              <p class=\"mbot45\">This unit was founded in 2020, and at the end of 2022, about 90 workers worked in it. The production hall covers an area of \u200b\u200b1250 m2 and includes a sewing room, finishing, storage area, dining room, administrative offices and sanitary facilities. Although the factory was built back in 1985, the conditions are still adequate, although reconstruction and modernization would be welcome. Despite the age of the facility, modern sewing equipment is used here, which enables high quality and solid productivity in the production of protective clothing, which is the specialization of this factory. Many of our workers in this factory have previous experience in textile production, which enables the processing of more demanding textile products. The drive is equipped with its own generator in case of interruption of the electricity supply. It is important to note that this facility is not owned by the Mraz company, but is leased on a long-term basis.<\/p>\r\n              <a href=\"https:\/\/www.mraz-textil.com\/en\/kontakt\/\" class=\"view-all hvr-bounce-to-right news_read_btn get_Quote\">Inquiry<\/a><a href=\"https:\/\/www.mraz-textil.com\/en\/proizvodi\/\" class=\"view-all hvr-bounce-to-right news_read_btn get_Quote view_service\">Our offer<\/a>\r\n            <\/div>\r\n          <\/div>\r\n        <\/div>\r\n      <\/div>\r\n    <\/div>\r\n<\/text>\n<div class=\"full_width about_award_bg\">\r\n      <div class=\"container\">\r\n        <div class=\"row\">\r\n          <!-- =========award-winning col start============-->\r\n          <div class=\"col-lg-4 col-md-5 col-sm-12 col-xs-12 award_bg plft15\"><img src=\"https:\/\/www.mraz-textil.com\/wp-content\/uploads\/2021\/02\/onamaleftimage.jpg\" ><\/div>\r\n          <!-- =========award-winning col end============-->\r\n          <!-- =========request-consultant col start============-->\r\n          <div class=\"col-lg-8 col-md-7 col-sm-12 col-xs-12 fr\">\r\n            <div class=\"row award_pad\">\n\t<div class=\"col-md-6\" id=\"\" >\n\t\t\t \r\n    <div class=\"row mbot70\">\r\n      <div class=\"col-lg-3 col-md-4 col-sm-2 col-xs-2\"><img src=\"https:\/\/www.mraz-textil.com\/wp-content\/uploads\/2018\/05\/award_icon-1.png\" alt=\"award\"><\/div>\r\n      <div class=\"col-lg-9 col-md-8 col-sm-10 col-xs-10\">\r\n        <h4 class=\"letter_space_0 white_color\">Certificates<\/h4>\r\n        <p class=\"letter_spac0 lyt_color\">Fair Ware Foundation Certificate for satisfactory and continuous improvement of working conditions. <\/p>\r\n      <\/div>\r\n    <\/div>\r\n\n\t<\/div> \n\n\t<div class=\"col-md-6\" id=\"\" >\n\t\t\t \r\n    <div class=\"row mbot70\">\r\n      <div class=\"col-lg-3 col-md-4 col-sm-2 col-xs-2\"><img src=\"https:\/\/www.mraz-textil.com\/wp-content\/uploads\/2018\/05\/engineer_icon.png\" alt=\"award\"><\/div>\r\n      <div class=\"col-lg-9 col-md-8 col-sm-10 col-xs-10\">\r\n        <h4 class=\"letter_space_0 white_color\">ISO standard<\/h4>\r\n        <p class=\"letter_spac0 lyt_color\">ISO 9001 is an international standard for quality management system, published by ISO. <\/p>\r\n      <\/div>\r\n    <\/div>\r\n\n\t<\/div> \n\n\t<div class=\"col-md-6\" id=\"\" >\n\t\t\t \r\n    <div class=\"row mbot70\">\r\n      <div class=\"col-lg-3 col-md-4 col-sm-2 col-xs-2\"><img src=\"https:\/\/www.mraz-textil.com\/wp-content\/uploads\/2018\/05\/modern_equip_icon.png\" alt=\"award\"><\/div>\r\n      <div class=\"col-lg-9 col-md-8 col-sm-10 col-xs-10\">\r\n        <h4 class=\"letter_space_0 white_color\">Modern design<\/h4>\r\n        <p class=\"letter_spac0 lyt_color\">Modern design is something by which we are recognizable and what sets us apart from others. <\/p>\r\n      <\/div>\r\n    <\/div>\r\n\n\t<\/div> \n\n\t<div class=\"col-md-6\" id=\"\" >\n\t\t\t \r\n    <div class=\"row mbot70\">\r\n      <div class=\"col-lg-3 col-md-4 col-sm-2 col-xs-2\"><img src=\"https:\/\/www.mraz-textil.com\/wp-content\/uploads\/2018\/05\/award_icon-1.png\" alt=\"award\"><\/div>\r\n      <div class=\"col-lg-9 col-md-8 col-sm-10 col-xs-10\">\r\n        <h4 class=\"letter_space_0 white_color\">Quality<\/h4>\r\n        <p class=\"letter_spac0 lyt_color\">We use the highest quality materials and equipment from the world's most important brands in the textile industry. <\/p>\r\n      <\/div>\r\n    <\/div>\r\n\n\t<\/div> \n<\/div>\r\n          <\/div>\r\n          <!-- =========request-consultant col end============-->\r\n        <\/div>\r\n      <\/div>\r\n    <\/div><div class=\"full_wrapper speciality_bg padtb_95_100\" style=\"background: url(https:\/\/www.mraz-textil.com\/wp-content\/uploads\/2018\/05\/speciality_bg.jpg) no-repeat center top;    background-size: cover;\">\r\n      <div class=\"container\">\r\n        <div class=\"row\">\r\n          <div class=\"col-lg-6 col-md-6 col-sm-12 col-xs-12\">\r\n            <h3 class=\"fnt_24 mbot15 letter_spac0\">About us in numbers<\/h3>\r\n            <h4 class=\"mbot25\">The company started operating in 1980. Over time, we expanded and came up with these numbers.<\/h4>\r\n            <p class=\"mbot25\">Our company strives to meet world standards, as well as the needs of a large number of satisfied customers.<br \/>\nToday, a unique look is an indispensable part of corporate identity. That modern and innovative tradition, and writes a 40-year history of success in terms of quality and design, Greiff has continued consistently. Also, we can proudly boast and point out the cooperation with this brand.<br \/>\nBenetton is a global fashion brand, based in Italy. The network of stores is spread in as many as 120 countries and 6,500 stores. Our company can be proud of doing business with this great global brand.<\/p>\r\n          <\/div>\r\n          <div class=\"col-lg-1 col-md-6 col-sm-12 col-xs-12\"><\/div>\r\n          <div class=\"col-lg-5 col-md-6 col-sm-12 col-xs-12\">\r\n            <ul class=\"special_no\">\n\t\t\t \r\n    <li><span class=\"number\">410+<\/span><span class=\"txt\">Workers<\/span><\/li>\r\n \r\n    <li><span class=\"number\">450+<\/span><span class=\"txt\">Machine<\/span><\/li>\r\n \r\n    <li><span class=\"number\">30+<\/span><span class=\"txt\">Different products<\/span><\/li>\r\n \r\n    <li><span class=\"number\">40 +<\/span><span class=\"txt\">Years of work<\/span><\/li>\r\n<\/ul>\r\n          <\/div>\r\n        <\/div>\r\n      <\/div>\r\n    <\/div>","protected":false},"excerpt":{"rendered":"Na\u0161e vrijednosti Na\u0161e vrijednosti \u017divot uz tekstilnu industriju Zasnivano na temeljima porodice, Mraz i danas, nakon toliko godina i dalje na svoje radnike gleda kao na \u010dlanove porodice. Na\u0161a misija Najvi\u0161i nivo kvaliteta Posve\u0107eni smo pru\u017eanju isklju\u010divo najboljih proizvoda i usluga, putem na\u0161ih visokokvalifikovanih uposlenika, te najsavremenijih proizvodnih pogona. Misija nam nije samo zadovoljiti na\u0161e [...]","protected":false},"author":1,"featured_media":0,"parent":0,"menu_order":0,"comment_status":"closed","ping_status":"closed","template":"page-templates\/other-page.php","meta":[],"_links":{"self":[{"href":"https:\/\/www.mraz-textil.com\/en\/wp-json\/wp\/v2\/pages\/281"}],"collection":[{"href":"https:\/\/www.mraz-textil.com\/en\/wp-json\/wp\/v2\/pages"}],"about":[{"href":"https:\/\/www.mraz-textil.com\/en\/wp-json\/wp\/v2\/types\/page"}],"author":[{"embeddable":true,"href":"https:\/\/www.mraz-textil.com\/en\/wp-json\/wp\/v2\/users\/1"}],"replies":[{"embeddable":true,"href":"https:\/\/www.mraz-textil.com\/en\/wp-json\/wp\/v2\/comments?post=281"}],"version-history":[{"count":34,"href":"https:\/\/www.mraz-textil.com\/en\/wp-json\/wp\/v2\/pages\/281\/revisions"}],"predecessor-version":[{"id":849,"href":"https:\/\/www.mraz-textil.com\/en\/wp-json\/wp\/v2\/pages\/281\/revisions\/849"}],"wp:attachment":[{"href":"https:\/\/www.mraz-textil.com\/en\/wp-json\/wp\/v2\/media?parent=281"}],"curies":[{"name":"wp","href":"https:\/\/api.w.org\/{rel}","templated":true}]}}