{"id":323,"date":"2018-05-23T09:06:23","date_gmt":"2018-05-23T09:06:23","guid":{"rendered":"http:\/\/shtheme.com\/demosd\/metallex1\/?page_id=323"},"modified":"2020-09-21T21:54:39","modified_gmt":"2020-09-21T21:54:39","slug":"kontakt","status":"publish","type":"page","link":"https:\/\/www.mraz-textil.com\/en\/kontakt\/","title":{"rendered":"Contact"},"content":{"rendered":"<div class=\"full_wrapper padtb_92_100\">\r\n      <div class=\"container\">\r\n        <h3 class=\"mbot25\">Contact Us<\/h3>\r\n        <p class=\"mbot45\">You can contact us by email, phone, or our contact form, or visit at 07:00 - 17:00<\/p>\r\n        <div class=\"row\">\n\t<div class=\"col-md-8  col-lg-8 col-md-8 col-sm-12 col-xs-12 text-center\" id=\"\" >\n\t\t\t<div role=\"form\" class=\"wpcf7\" id=\"wpcf7-f322-o1\" lang=\"en-US\" dir=\"ltr\">\n<div class=\"screen-reader-response\"><p role=\"status\" aria-live=\"polite\" aria-atomic=\"true\"><\/p> <ul><\/ul><\/div>\n<form action=\"\/en\/wp-json\/wp\/v2\/pages\/323#wpcf7-f322-o1\" method=\"post\" class=\"wpcf7-form init\" novalidate=\"novalidate\" data-status=\"init\" data-trp-original-action=\"\/en\/wp-json\/wp\/v2\/pages\/323#wpcf7-f322-o1\">\n<div style=\"display: none;\">\n<input type=\"hidden\" name=\"_wpcf7\" value=\"322\" \/>\n<input type=\"hidden\" name=\"_wpcf7_version\" value=\"5.4.1\" \/>\n<input type=\"hidden\" name=\"_wpcf7_locale\" value=\"en_US\" \/>\n<input type=\"hidden\" name=\"_wpcf7_unit_tag\" value=\"wpcf7-f322-o1\" \/>\n<input type=\"hidden\" name=\"_wpcf7_container_post\" value=\"0\" \/>\n<input type=\"hidden\" name=\"_wpcf7_posted_data_hash\" value=\"\" \/>\n<\/div>\n<div class=\"padtb_74 full_width\">\n<div id=\"contact-form\" class=\"mtop10 full_width\">\n<div class=\"messages\"><\/div>\n<div class=\"row\">\n<div class=\"col-md-6\">\n<div class=\"form-group request_Form_group\">\n                     <span class=\"wpcf7-form-control-wrap your-name\"><input type=\"text\" name=\"your-name\" value=\"\" size=\"40\" class=\"wpcf7-form-control wpcf7-text wpcf7-validates-as-required form-control request_form_input\" aria-required=\"true\" aria-invalid=\"false\" placeholder=\"First Name\" \/><\/span><\/p>\n<div class=\"help-block with-errors\"><\/div>\n<\/div>\n<\/div>\n<div class=\"col-md-6\">\n<div class=\"form-group request_Form_group\">\n                      <span class=\"wpcf7-form-control-wrap last-name\"><input type=\"text\" name=\"last-name\" value=\"\" size=\"40\" class=\"wpcf7-form-control wpcf7-text wpcf7-validates-as-required form-control request_form_input\" aria-required=\"true\" aria-invalid=\"false\" placeholder=\"Last Name\" \/><\/span><\/p>\n<div class=\"help-block with-errors\"><\/div>\n<\/div>\n<\/div>\n<\/div>\n<div class=\"row\">\n<div class=\"col-md-6\">\n<div class=\"form-group request_Form_group\">\n                     <span class=\"wpcf7-form-control-wrap your-phone\"><input type=\"text\" name=\"your-phone\" value=\"\" size=\"40\" class=\"wpcf7-form-control wpcf7-text wpcf7-validates-as-required form-control request_form_input\" aria-required=\"true\" aria-invalid=\"false\" placeholder=\"Phone number\" \/><\/span><\/p>\n<div class=\"help-block with-errors\"><\/div>\n<\/div>\n<\/div>\n<div class=\"col-md-6\">\n<div class=\"form-group request_Form_group\">\n                      <span class=\"wpcf7-form-control-wrap your-email\"><input type=\"email\" name=\"your-email\" value=\"\" size=\"40\" class=\"wpcf7-form-control wpcf7-text wpcf7-email wpcf7-validates-as-required wpcf7-validates-as-email form-control request_form_input\" aria-required=\"true\" aria-invalid=\"false\" placeholder=\"Email\" \/><\/span><\/p>\n<div class=\"help-block with-errors\"><\/div>\n<\/div>\n<\/div>\n<\/div>\n<div class=\"row\">\n<div class=\"col-md-12\">\n<div class=\"form-group request_Form_group\">\n                      <span class=\"wpcf7-form-control-wrap menu-380\"><select name=\"menu-380\" class=\"wpcf7-form-control wpcf7-select wpcf7-validates-as-required form-control request_form_input selectpicker custom_select\" aria-required=\"true\" aria-invalid=\"false\"><option value=\"\u017delim da se informi\u0161em o radnim uniformama\">I want to find out about work attire<\/option><option value=\"\u017delim da se informi\u0161em o medicinskim uniformama\">I want to find out about medical uniforms<\/option><option value=\"\u017delim da se informi\u0161em o gastro uniformama\">I want to find out about culinary apparel<\/option><option value=\"\u017delim da se informi\u0161em o ostalim proizvodima\">I want to find out about other products<\/option><\/select><\/span><\/p>\n<div class=\"help-block with-errors\"><\/div>\n<\/div>\n<\/div>\n<\/div>\n<div class=\"row\">\n<div class=\"col-md-12 mbot5\">\n<div class=\"form-group request_Form_group\">\n                      <span class=\"wpcf7-form-control-wrap your-message\"><textarea name=\"your-message\" cols=\"40\" rows=\"4\" class=\"wpcf7-form-control wpcf7-textarea wpcf7-validates-as-required form-control request_form_input\" aria-required=\"true\" aria-invalid=\"false\" placeholder=\"Message\"><\/textarea><\/span><\/p>\n<div class=\"help-block with-errors\"><\/div>\n<\/div>\n<\/div>\n<div class=\"col-md-12\">\n                    <input type=\"submit\" value=\"SEND\" class=\"wpcf7-form-control wpcf7-submit btn submit_now\" \/>\n                  <\/div>\n<\/div>\n<\/div>\n<\/div>\n<div class=\"wpcf7-response-output\" aria-hidden=\"true\"><\/div><input type=\"hidden\" name=\"trp-form-language\" value=\"en\"\/><\/form><\/div>\n\t<\/div> \n\n\t<div class=\"col-md-4  col-lg-4 col-md-4 col-sm-12 col-xs-12 plft85 col_margin\" id=\"\" >\n\t\t\t \r\n    <ul class=\"contact_info\">\r\n      <li class=\"cnt_map_icon\">\r\n        <p class=\"line_he2\">Jahorinski potok bb, Pale 71420, RS \/ BiH<\/p>\r\n      <\/li>\r\n      <li class=\"cnt_mail_icon\">\r\n        <p class=\"line_he2\">office@mraz-textil.com<\/p>\r\n      <\/li>\r\n      <li class=\"cnt_call_icon\">\r\n        <p class=\"line_he2\">+387 57 \/ 225 \u2013 750<\/p>\r\n      <\/li>\r\n    <\/ul>\r\n\n\t<\/div> \n<\/div>\r\n      <\/div>\r\n    <\/div>\n\t\t\t\n\t<div class=\"wpb_raw_code wpb_content_element wpb_raw_html\" >\n\t\t<div class=\"wpb_wrapper\">\n\t\t\t<div class=\"full_width contact_map\">\n     <iframe src=\"https:\/\/www.google.com\/maps\/embed?pb=!1m18!1m12!1m3!1d19371.812806727532!2d18.57118017073988!3d43.80114067360411!2m3!1f0!2f0!3f0!3m2!1i1024!2i768!4f13.1!3m3!1m2!1s0x4758c04c9e1ee857%3A0xe31b6899effbea3d!2sMraz%20Doo!5e0!3m2!1ssr!2sba!4v1600725257192!5m2!1ssr!2sba\" width=\"600\" height=\"450\" frameborder=\"0\" style=\"border:0;\" allowfullscreen=\"\" aria-hidden=\"false\" tabindex=\"0\"><\/iframe>\n    <\/div>\n\t\t<\/div>\n\t<\/div>","protected":false},"excerpt":{"rendered":"Kontaktirajte nas Mo\u017eete nas kontaktirati putem maila, telefona, ili na\u0161e kontakt forme, ili posjetiti na adresi od 07:00 - 17:00 \u017delim da se informi\u0161em o radnim uniformama\u017delim da se informi\u0161em o medicinskim uniformama\u017delim da se informi\u0161em o gastro uniformama\u017delim da se informi\u0161em o ostalim proizvodima Jahorinski potok bb, Pale 71420, RS \/ BiH office@mraz-textil.com +387 [...]","protected":false},"author":1,"featured_media":0,"parent":0,"menu_order":0,"comment_status":"closed","ping_status":"closed","template":"page-templates\/other-page.php","meta":[],"_links":{"self":[{"href":"https:\/\/www.mraz-textil.com\/en\/wp-json\/wp\/v2\/pages\/323"}],"collection":[{"href":"https:\/\/www.mraz-textil.com\/en\/wp-json\/wp\/v2\/pages"}],"about":[{"href":"https:\/\/www.mraz-textil.com\/en\/wp-json\/wp\/v2\/types\/page"}],"author":[{"embeddable":true,"href":"https:\/\/www.mraz-textil.com\/en\/wp-json\/wp\/v2\/users\/1"}],"replies":[{"embeddable":true,"href":"https:\/\/www.mraz-textil.com\/en\/wp-json\/wp\/v2\/comments?post=323"}],"version-history":[{"count":6,"href":"https:\/\/www.mraz-textil.com\/en\/wp-json\/wp\/v2\/pages\/323\/revisions"}],"predecessor-version":[{"id":528,"href":"https:\/\/www.mraz-textil.com\/en\/wp-json\/wp\/v2\/pages\/323\/revisions\/528"}],"wp:attachment":[{"href":"https:\/\/www.mraz-textil.com\/en\/wp-json\/wp\/v2\/media?parent=323"}],"curies":[{"name":"wp","href":"https:\/\/api.w.org\/{rel}","templated":true}]}}