{"id":475,"date":"2020-09-17T21:49:44","date_gmt":"2020-09-17T21:49:44","guid":{"rendered":"https:\/\/www.mraz-textil.com\/new2020\/?page_id=475"},"modified":"2023-10-17T19:55:56","modified_gmt":"2023-10-17T19:55:56","slug":"partneri","status":"publish","type":"page","link":"https:\/\/www.mraz-textil.com\/en\/partneri\/","title":{"rendered":"Partners"},"content":{"rendered":"<div class=\"full_wrapper padtb_100_100\">\r\n      <div class=\"container\">\r\n        <div class=\"row\">\r\n          <div class=\"col-lg-4 col-md-4 col-sm-12 col-xs-12 prht60\">\r\n            <div class=\"vision_col full_width\">\r\n              <h3 class=\"fnt_white_color margin_0\">Our Partners<\/h3>\r\n              <p class=\"mbot10\">For many years, our company has been engaged in tailoring and sewing according to world-renowned companies, as well as according to our own cuts. We can proudly boast and highlight the cooperation with global fashion brands.<\/p><a href=\"\" class=\"read_more view_more\"> <\/a>\r\n            <\/div>\r\n          <\/div>\r\n          <div class=\"col-lg-8 col-md-8 col-sm-12 col-xs-12 fr\">\r\n            <div class=\"row vision_pad\">\n\t\t\t \r\n    <div class=\"item active\">\r\n      <div class=\"col-lg-4 col-md-4 col-sm-6 col-xs-12 text-center mbot45\">\r\n        <div class=\"dedicated-team-img-holder mbot15\">\r\n          <div class=\"shadow_effect effect-apollo\"><img src=\"https:\/\/www.mraz-textil.com\/wp-content\/uploads\/2021\/02\/Kubler-partner-02.jpg\" alt=\"team1\"><\/div>\r\n          <div class=\"overlay\">\r\n            <div class=\"inner-holder\">\r\n              <ul>\r\n                                                                            <\/ul>\r\n            <\/div>\r\n          <\/div>\r\n        <\/div><span class=\"team_name full_width\">Kubler<\/span><span class=\"team_designation full_width\"><\/span>\r\n      <\/div>\r\n    <\/div>\r\n \r\n    <div class=\"item\">\r\n      <div class=\"col-lg-4 col-md-4 col-sm-6 col-xs-12 text-center mbot45\">\r\n        <div class=\"dedicated-team-img-holder mbot15\">\r\n          <div class=\"shadow_effect effect-apollo\"><img src=\"https:\/\/www.mraz-textil.com\/wp-content\/uploads\/2021\/02\/Greiff-partner-01.jpg\" alt=\"team1\"><\/div>\r\n          <div class=\"overlay\">\r\n            <div class=\"inner-holder\">\r\n              <ul>\r\n                                                                            <\/ul>\r\n            <\/div>\r\n          <\/div>\r\n        <\/div><span class=\"team_name full_width\">Greiff<\/span><span class=\"team_designation full_width\"><\/span>\r\n      <\/div>\r\n    <\/div>\r\n \r\n    <div class=\"item\">\r\n      <div class=\"col-lg-4 col-md-4 col-sm-6 col-xs-12 text-center mbot45\">\r\n        <div class=\"dedicated-team-img-holder mbot15\">\r\n          <div class=\"shadow_effect effect-apollo\"><img src=\"https:\/\/www.mraz-textil.com\/wp-content\/uploads\/2023\/07\/UvexFullDone.jpg\" alt=\"team1\"><\/div>\r\n          <div class=\"overlay\">\r\n            <div class=\"inner-holder\">\r\n              <ul>\r\n                                                                            <\/ul>\r\n            <\/div>\r\n          <\/div>\r\n        <\/div><span class=\"team_name full_width\">Uvex<\/span><span class=\"team_designation full_width\"><\/span>\r\n      <\/div>\r\n    <\/div>\r\n \r\n    <div class=\"item\">\r\n      <div class=\"col-lg-4 col-md-4 col-sm-6 col-xs-12 text-center mbot45\">\r\n        <div class=\"dedicated-team-img-holder mbot15\">\r\n          <div class=\"shadow_effect effect-apollo\"><img src=\"https:\/\/www.mraz-textil.com\/wp-content\/uploads\/2023\/07\/Done-e1695237379994.jpg\" alt=\"team1\"><\/div>\r\n          <div class=\"overlay\">\r\n            <div class=\"inner-holder\">\r\n              <ul>\r\n                                                                            <\/ul>\r\n            <\/div>\r\n          <\/div>\r\n        <\/div><span class=\"team_name full_width\">Oehmigen<\/span><span class=\"team_designation full_width\"><\/span>\r\n      <\/div>\r\n    <\/div>\r\n<\/div>\r\n          <\/div>\r\n        <\/div>\r\n      <\/div>\r\n    <\/div>","protected":false},"excerpt":{"rendered":"Na\u0161i partneri Ve\u0107 dugo godina na\u0161a firma se bavi krojenjem i \u0161ivenjem kako prema svjetski priznatim ku\u0107ama, tako i prema na\u0161im vlastitim krojevima. Mo\u017eemo se ponosno pohvaliti i ista\u0107i saradnju sa globalnim modnim brendovima. Kubler Greiff Uvex Oehmigen","protected":false},"author":1,"featured_media":0,"parent":0,"menu_order":0,"comment_status":"closed","ping_status":"closed","template":"page-templates\/template-home.php","meta":[],"_links":{"self":[{"href":"https:\/\/www.mraz-textil.com\/en\/wp-json\/wp\/v2\/pages\/475"}],"collection":[{"href":"https:\/\/www.mraz-textil.com\/en\/wp-json\/wp\/v2\/pages"}],"about":[{"href":"https:\/\/www.mraz-textil.com\/en\/wp-json\/wp\/v2\/types\/page"}],"author":[{"embeddable":true,"href":"https:\/\/www.mraz-textil.com\/en\/wp-json\/wp\/v2\/users\/1"}],"replies":[{"embeddable":true,"href":"https:\/\/www.mraz-textil.com\/en\/wp-json\/wp\/v2\/comments?post=475"}],"version-history":[{"count":21,"href":"https:\/\/www.mraz-textil.com\/en\/wp-json\/wp\/v2\/pages\/475\/revisions"}],"predecessor-version":[{"id":865,"href":"https:\/\/www.mraz-textil.com\/en\/wp-json\/wp\/v2\/pages\/475\/revisions\/865"}],"wp:attachment":[{"href":"https:\/\/www.mraz-textil.com\/en\/wp-json\/wp\/v2\/media?parent=475"}],"curies":[{"name":"wp","href":"https:\/\/api.w.org\/{rel}","templated":true}]}}