{"id":478,"date":"2020-09-17T21:49:53","date_gmt":"2020-09-17T21:49:53","guid":{"rendered":"https:\/\/www.mraz-textil.com\/new2020\/?page_id=478"},"modified":"2021-02-17T21:38:56","modified_gmt":"2021-02-17T21:38:56","slug":"galerija","status":"publish","type":"page","link":"https:\/\/www.mraz-textil.com\/en\/galerija\/","title":{"rendered":"Gallery"},"content":{"rendered":"<div class=\"wpb_text_column wpb_content_element\" >\n\t\t<div class=\"wpb_wrapper\">\n\t\t\t\n\t\t<\/div>\n\t<\/div>\n<div class=\"full_wrapper variation5_service padtb_91_109\" style=\"background: url(https:\/\/www.mraz-textil.com\/wp-content\/uploads\/2018\/05\/var5_services_bg.jpg) no-repeat center top;    background-size: cover;\">\r\n      <div class=\"container\">\r\n        <h3 class=\"fnt_white_color mbot25 blue_after\">Gallery<\/h3>\r\n        <p class=\"srv_fntgray mbot45\">Our image gallery that will try to bring you closer to our production facility.<\/p>\r\n      <\/div>\n\t\t\t\n\t<div class=\"wpb_text_column wpb_content_element\" >\n\t\t<div class=\"wpb_wrapper\">\n\t\t\t<div class=\"foogallery foogallery-container foogallery-default foogallery-lightbox-foobox fg-gutter-10 fg-center fg-default fg-light fg-border-thin fg-loading-pulse fg-loaded-fade-in fg-caption-hover fg-hover-fade fg-hover-eye fg-ready\" id=\"foogallery-gallery-721\" data-foogallery=\"{\"item\":{\"showcaptiontitle\":false,\"showcaptiondescription\":false},\"lazy\":true}\">\r\n\t<div class=\"fg-item fg-idle fg-type-image\"><figure class=\"fg-item-inner\"><a href=\"https:\/\/www.mraz-textil.com\/wp-content\/uploads\/2021\/02\/Galerija-10.jpg\" data-attachment-id=\"663\" class=\"fg-thumb\"><span class=\"fg-image-wrap\"><img width=\"350\" height=\"233\" class=\"skip-lazy fg-image\" data-src-fg=\"https:\/\/www.mraz-textil.com\/wp-content\/uploads\/cache\/2021\/02\/Galerija-10\/2952205680.jpg\" src=\"data:image\/svg+xml,%3Csvg%20xmlns=%22http%3A%2F%2Fwww.w3.org%2F2000%2Fsvg%22%20viewBox=%220%200%20350%20233%22%3E%3C\/svg%3E\" \/><\/span><span class=\"fg-image-overlay\"><\/span><\/a><figcaption class=\"fg-caption\"><div class=\"fg-caption-inner\"><\/div><\/figcaption><\/figure><div class=\"fg-loader\"><\/div><\/div><div class=\"fg-item fg-idle fg-type-image\"><figure class=\"fg-item-inner\"><a href=\"https:\/\/www.mraz-textil.com\/wp-content\/uploads\/2021\/02\/Galerija-09.jpg\" data-attachment-id=\"662\" class=\"fg-thumb\"><span class=\"fg-image-wrap\"><img width=\"350\" height=\"233\" class=\"skip-lazy fg-image\" data-src-fg=\"https:\/\/www.mraz-textil.com\/wp-content\/uploads\/cache\/2021\/02\/Galerija-09\/3747678416.jpg\" src=\"data:image\/svg+xml,%3Csvg%20xmlns=%22http%3A%2F%2Fwww.w3.org%2F2000%2Fsvg%22%20viewBox=%220%200%20350%20233%22%3E%3C\/svg%3E\" \/><\/span><span class=\"fg-image-overlay\"><\/span><\/a><figcaption class=\"fg-caption\"><div class=\"fg-caption-inner\"><\/div><\/figcaption><\/figure><div class=\"fg-loader\"><\/div><\/div><div class=\"fg-item fg-idle fg-type-image\"><figure class=\"fg-item-inner\"><a href=\"https:\/\/www.mraz-textil.com\/wp-content\/uploads\/2021\/02\/Galerija-08.jpg\" data-attachment-id=\"661\" class=\"fg-thumb\"><span class=\"fg-image-wrap\"><img width=\"350\" height=\"233\" class=\"skip-lazy fg-image\" data-src-fg=\"https:\/\/www.mraz-textil.com\/wp-content\/uploads\/cache\/2021\/02\/Galerija-08\/2586656534.jpg\" src=\"data:image\/svg+xml,%3Csvg%20xmlns=%22http%3A%2F%2Fwww.w3.org%2F2000%2Fsvg%22%20viewBox=%220%200%20350%20233%22%3E%3C\/svg%3E\" \/><\/span><span class=\"fg-image-overlay\"><\/span><\/a><figcaption class=\"fg-caption\"><div class=\"fg-caption-inner\"><\/div><\/figcaption><\/figure><div class=\"fg-loader\"><\/div><\/div><div class=\"fg-item fg-idle fg-type-image\"><figure class=\"fg-item-inner\"><a href=\"https:\/\/www.mraz-textil.com\/wp-content\/uploads\/2021\/02\/Galerija-07.jpg\" data-attachment-id=\"660\" class=\"fg-thumb\"><span class=\"fg-image-wrap\"><img width=\"350\" height=\"233\" class=\"skip-lazy fg-image\" data-src-fg=\"https:\/\/www.mraz-textil.com\/wp-content\/uploads\/cache\/2021\/02\/Galerija-07\/1001340786.jpg\" src=\"data:image\/svg+xml,%3Csvg%20xmlns=%22http%3A%2F%2Fwww.w3.org%2F2000%2Fsvg%22%20viewBox=%220%200%20350%20233%22%3E%3C\/svg%3E\" \/><\/span><span class=\"fg-image-overlay\"><\/span><\/a><figcaption class=\"fg-caption\"><div class=\"fg-caption-inner\"><\/div><\/figcaption><\/figure><div class=\"fg-loader\"><\/div><\/div><div class=\"fg-item fg-idle fg-type-image\"><figure class=\"fg-item-inner\"><a href=\"https:\/\/www.mraz-textil.com\/wp-content\/uploads\/2021\/02\/Galerija-06.jpg\" data-attachment-id=\"659\" class=\"fg-thumb\"><span class=\"fg-image-wrap\"><img width=\"350\" height=\"233\" class=\"skip-lazy fg-image\" data-src-fg=\"https:\/\/www.mraz-textil.com\/wp-content\/uploads\/cache\/2021\/02\/Galerija-06\/2574026775.jpg\" src=\"data:image\/svg+xml,%3Csvg%20xmlns=%22http%3A%2F%2Fwww.w3.org%2F2000%2Fsvg%22%20viewBox=%220%200%20350%20233%22%3E%3C\/svg%3E\" \/><\/span><span class=\"fg-image-overlay\"><\/span><\/a><figcaption class=\"fg-caption\"><div class=\"fg-caption-inner\"><\/div><\/figcaption><\/figure><div class=\"fg-loader\"><\/div><\/div><div class=\"fg-item fg-idle fg-type-image\"><figure class=\"fg-item-inner\"><a href=\"https:\/\/www.mraz-textil.com\/wp-content\/uploads\/2021\/02\/Galerija-05.jpg\" data-attachment-id=\"658\" class=\"fg-thumb\"><span class=\"fg-image-wrap\"><img width=\"350\" height=\"233\" class=\"skip-lazy fg-image\" data-src-fg=\"https:\/\/www.mraz-textil.com\/wp-content\/uploads\/cache\/2021\/02\/Galerija-05\/1866571068.jpg\" src=\"data:image\/svg+xml,%3Csvg%20xmlns=%22http%3A%2F%2Fwww.w3.org%2F2000%2Fsvg%22%20viewBox=%220%200%20350%20233%22%3E%3C\/svg%3E\" \/><\/span><span class=\"fg-image-overlay\"><\/span><\/a><figcaption class=\"fg-caption\"><div class=\"fg-caption-inner\"><\/div><\/figcaption><\/figure><div class=\"fg-loader\"><\/div><\/div><div class=\"fg-item fg-idle fg-type-image\"><figure class=\"fg-item-inner\"><a href=\"https:\/\/www.mraz-textil.com\/wp-content\/uploads\/2021\/02\/Galerija-04.jpg\" data-attachment-id=\"657\" class=\"fg-thumb\"><span class=\"fg-image-wrap\"><img width=\"350\" height=\"233\" class=\"skip-lazy fg-image\" data-src-fg=\"https:\/\/www.mraz-textil.com\/wp-content\/uploads\/cache\/2021\/02\/Galerija-04\/1611038041.jpg\" src=\"data:image\/svg+xml,%3Csvg%20xmlns=%22http%3A%2F%2Fwww.w3.org%2F2000%2Fsvg%22%20viewBox=%220%200%20350%20233%22%3E%3C\/svg%3E\" \/><\/span><span class=\"fg-image-overlay\"><\/span><\/a><figcaption class=\"fg-caption\"><div class=\"fg-caption-inner\"><\/div><\/figcaption><\/figure><div class=\"fg-loader\"><\/div><\/div><div class=\"fg-item fg-idle fg-type-image\"><figure class=\"fg-item-inner\"><a href=\"https:\/\/www.mraz-textil.com\/wp-content\/uploads\/2021\/02\/Galerija-03.jpg\" data-attachment-id=\"656\" class=\"fg-thumb\"><span class=\"fg-image-wrap\"><img width=\"350\" height=\"233\" class=\"skip-lazy fg-image\" data-src-fg=\"https:\/\/www.mraz-textil.com\/wp-content\/uploads\/cache\/2021\/02\/Galerija-03\/308373128.jpg\" src=\"data:image\/svg+xml,%3Csvg%20xmlns=%22http%3A%2F%2Fwww.w3.org%2F2000%2Fsvg%22%20viewBox=%220%200%20350%20233%22%3E%3C\/svg%3E\" \/><\/span><span class=\"fg-image-overlay\"><\/span><\/a><figcaption class=\"fg-caption\"><div class=\"fg-caption-inner\"><\/div><\/figcaption><\/figure><div class=\"fg-loader\"><\/div><\/div><div class=\"fg-item fg-idle fg-type-image\"><figure class=\"fg-item-inner\"><a href=\"https:\/\/www.mraz-textil.com\/wp-content\/uploads\/2021\/02\/Galerija-02.jpg\" data-attachment-id=\"655\" class=\"fg-thumb\"><span class=\"fg-image-wrap\"><img width=\"350\" height=\"233\" class=\"skip-lazy fg-image\" data-src-fg=\"https:\/\/www.mraz-textil.com\/wp-content\/uploads\/cache\/2021\/02\/Galerija-02\/1462587726.jpg\" src=\"data:image\/svg+xml,%3Csvg%20xmlns=%22http%3A%2F%2Fwww.w3.org%2F2000%2Fsvg%22%20viewBox=%220%200%20350%20233%22%3E%3C\/svg%3E\" \/><\/span><span class=\"fg-image-overlay\"><\/span><\/a><figcaption class=\"fg-caption\"><div class=\"fg-caption-inner\"><\/div><\/figcaption><\/figure><div class=\"fg-loader\"><\/div><\/div><div class=\"fg-item fg-idle fg-type-image\"><figure class=\"fg-item-inner\"><a href=\"https:\/\/www.mraz-textil.com\/wp-content\/uploads\/2021\/02\/Galerija-01.jpg\" data-attachment-id=\"654\" class=\"fg-thumb\"><span class=\"fg-image-wrap\"><img width=\"350\" height=\"233\" class=\"skip-lazy fg-image\" data-src-fg=\"https:\/\/www.mraz-textil.com\/wp-content\/uploads\/cache\/2021\/02\/Galerija-01\/2701149285.jpg\" src=\"data:image\/svg+xml,%3Csvg%20xmlns=%22http%3A%2F%2Fwww.w3.org%2F2000%2Fsvg%22%20viewBox=%220%200%20350%20233%22%3E%3C\/svg%3E\" \/><\/span><span class=\"fg-image-overlay\"><\/span><\/a><figcaption class=\"fg-caption\"><div class=\"fg-caption-inner\"><\/div><\/figcaption><\/figure><div class=\"fg-loader\"><\/div><\/div><\/div>\r\n\n\n\t\t<\/div>\n\t<\/div>\n<\/div>\n\t\t\t\n\t<div class=\"wpb_text_column wpb_content_element\" >\n\t\t<div class=\"wpb_wrapper\">\n\t\t\t<p>&nbsp;<\/p>\n\n\t\t<\/div>\n\t<\/div>","protected":false},"excerpt":{"rendered":"Galerija Na\u0161a galerija slika koja \u0107e vam poku\u0161ati pribli\u017eiti na\u0161 proizvodni pogon. &nbsp;","protected":false},"author":1,"featured_media":0,"parent":0,"menu_order":0,"comment_status":"closed","ping_status":"closed","template":"page-templates\/template-home.php","meta":[],"_links":{"self":[{"href":"https:\/\/www.mraz-textil.com\/en\/wp-json\/wp\/v2\/pages\/478"}],"collection":[{"href":"https:\/\/www.mraz-textil.com\/en\/wp-json\/wp\/v2\/pages"}],"about":[{"href":"https:\/\/www.mraz-textil.com\/en\/wp-json\/wp\/v2\/types\/page"}],"author":[{"embeddable":true,"href":"https:\/\/www.mraz-textil.com\/en\/wp-json\/wp\/v2\/users\/1"}],"replies":[{"embeddable":true,"href":"https:\/\/www.mraz-textil.com\/en\/wp-json\/wp\/v2\/comments?post=478"}],"version-history":[{"count":15,"href":"https:\/\/www.mraz-textil.com\/en\/wp-json\/wp\/v2\/pages\/478\/revisions"}],"predecessor-version":[{"id":722,"href":"https:\/\/www.mraz-textil.com\/en\/wp-json\/wp\/v2\/pages\/478\/revisions\/722"}],"wp:attachment":[{"href":"https:\/\/www.mraz-textil.com\/en\/wp-json\/wp\/v2\/media?parent=478"}],"curies":[{"name":"wp","href":"https:\/\/api.w.org\/{rel}","templated":true}]}}