{"id":496,"date":"2020-09-20T21:10:04","date_gmt":"2020-09-20T21:10:04","guid":{"rendered":"https:\/\/www.mraz-textil.com\/new2020\/?page_id=496"},"modified":"2020-09-20T21:21:29","modified_gmt":"2020-09-20T21:21:29","slug":"proizvodi","status":"publish","type":"page","link":"https:\/\/www.mraz-textil.com\/en\/proizvodi\/","title":{"rendered":"Products"},"content":{"rendered":"<div class=\"full_wrapper second_variation_services padtb_96_47\">\r\n      <div class=\"container\">\r\n        <h3 class=\"fnt_white_color\">title<\/h3>\r\n        <div class=\"row mbot15\">\r\n                  <div class=\"col-lg-4 col-md-4 col-sm-6 col-xs-12 mbot30 enitre_mouse\">\r\n                      <div class=\"shadow_effect effect-apollo mbot25\">\r\n            <a href=\"https:\/\/www.mraz-textil.com\/en\/solutions\/gastro-uniforme\/\">\r\n            <img src=\"https:\/\/www.mraz-textil.com\/wp-content\/uploads\/2021\/02\/Gastro-uniforme.jpg\" alt=\"Material\" class=\"img-responsive\"><\/a>\r\n            <\/div>\r\n                        <h4 class=\"mbot10\"><a href=\"https:\/\/www.mraz-textil.com\/en\/solutions\/gastro-uniforme\/\" class=\"ser_white_head\">Culinary apparel<\/a><\/h4>\r\n            <p class=\"mbot12 line_he2 p_gray_color\">                                In our cutting-edge facilities, we proudly produce top-tier catering uniforms under the brand name \"Gastro Moda\" exclusively for the esteemed German brand Greiff. \"Gastro Moda\" represents a specialized line...                                <\/p><a href=\"https:\/\/www.mraz-textil.com\/en\/solutions\/gastro-uniforme\/\" class=\"read_more service_read\">                                    View More                                    <\/a>\r\n          <\/div>\r\n                  <div class=\"col-lg-4 col-md-4 col-sm-6 col-xs-12 mbot30 enitre_mouse\">\r\n                      <div class=\"shadow_effect effect-apollo mbot25\">\r\n            <a href=\"https:\/\/www.mraz-textil.com\/en\/solutions\/radne-uniforme\/\">\r\n            <img src=\"https:\/\/www.mraz-textil.com\/wp-content\/uploads\/2021\/02\/Radne-uniforme.jpg\" alt=\"Material\" class=\"img-responsive\"><\/a>\r\n            <\/div>\r\n                        <h4 class=\"mbot10\"><a href=\"https:\/\/www.mraz-textil.com\/en\/solutions\/radne-uniforme\/\" class=\"ser_white_head\">Work attire<\/a><\/h4>\r\n            <p class=\"mbot12 line_he2 p_gray_color\">                                In our modern production facility, equipped with state-of-the-art equipment, we produce top-quality work uniforms that meet high standards of quality and design....                                <\/p><a href=\"https:\/\/www.mraz-textil.com\/en\/solutions\/radne-uniforme\/\" class=\"read_more service_read\">                                    View More                                    <\/a>\r\n          <\/div>\r\n                  <div class=\"col-lg-4 col-md-4 col-sm-6 col-xs-12 mbot30 enitre_mouse\">\r\n                      <div class=\"shadow_effect effect-apollo mbot25\">\r\n            <a href=\"https:\/\/www.mraz-textil.com\/en\/solutions\/medicinske_unoforme\/\">\r\n            <img src=\"https:\/\/www.mraz-textil.com\/wp-content\/uploads\/2021\/02\/Medicinske-uniforme.jpg\" alt=\"Material\" class=\"img-responsive\"><\/a>\r\n            <\/div>\r\n                        <h4 class=\"mbot10\"><a href=\"https:\/\/www.mraz-textil.com\/en\/solutions\/medicinske_unoforme\/\" class=\"ser_white_head\">Medical uniforms<\/a><\/h4>\r\n            <p class=\"mbot12 line_he2 p_gray_color\">                                We produce high quality medical uniforms for the local market. Our commitment to superior materials and careful craftsmanship ensures that our uniforms do not...                                <\/p><a href=\"https:\/\/www.mraz-textil.com\/en\/solutions\/medicinske_unoforme\/\" class=\"read_more service_read\">                                    View More                                    <\/a>\r\n          <\/div>\r\n                <\/div>\r\n        <div class=\"gray_separate_line lght_gray_separator\"><\/div>\r\n        <div class=\"full_width mtop50\">\r\n          <div class=\"row\">\r\n                                                                                                                    <\/div>\r\n        <\/div>\r\n      <\/div>\r\n    <\/div>","protected":false},"excerpt":{"rendered":"Proizvodimo visokokvalitetne medicinske uniforme namijenjene lokalnom tr\u017ei\u0161tu. Na\u0161a posve\u0107enost vrhunskim materijalima i pa\u017eljiva izrada osiguravaju da na\u0161e uniforme ne samo da ispunjavaju, ve\u0107 i nadma\u0161uju o\u010dekivanja medicinskih profesionalaca. Fokusirani smo na udobnost, funkcionalnost i estetiku kako bismo osigurali da na\u0161e uniforme ne samo da pru\u017eaju prakti\u010dnost u radnom okru\u017eenju, ve\u0107 i doprinose profesionalnom izgledu i [...]","protected":false},"author":1,"featured_media":0,"parent":0,"menu_order":0,"comment_status":"closed","ping_status":"closed","template":"page-templates\/solutions.php","meta":[],"_links":{"self":[{"href":"https:\/\/www.mraz-textil.com\/en\/wp-json\/wp\/v2\/pages\/496"}],"collection":[{"href":"https:\/\/www.mraz-textil.com\/en\/wp-json\/wp\/v2\/pages"}],"about":[{"href":"https:\/\/www.mraz-textil.com\/en\/wp-json\/wp\/v2\/types\/page"}],"author":[{"embeddable":true,"href":"https:\/\/www.mraz-textil.com\/en\/wp-json\/wp\/v2\/users\/1"}],"replies":[{"embeddable":true,"href":"https:\/\/www.mraz-textil.com\/en\/wp-json\/wp\/v2\/comments?post=496"}],"version-history":[{"count":9,"href":"https:\/\/www.mraz-textil.com\/en\/wp-json\/wp\/v2\/pages\/496\/revisions"}],"predecessor-version":[{"id":506,"href":"https:\/\/www.mraz-textil.com\/en\/wp-json\/wp\/v2\/pages\/496\/revisions\/506"}],"wp:attachment":[{"href":"https:\/\/www.mraz-textil.com\/en\/wp-json\/wp\/v2\/media?parent=496"}],"curies":[{"name":"wp","href":"https:\/\/api.w.org\/{rel}","templated":true}]}}